{"id":1421,"date":"2024-01-19T10:19:51","date_gmt":"2024-01-19T15:19:51","guid":{"rendered":"https:\/\/reparationdelectromenager.com\/service-antonio-terrebonne\/"},"modified":"2026-04-07T09:49:02","modified_gmt":"2026-04-07T13:49:02","slug":"service-antonio-montreal","status":"publish","type":"page","link":"https:\/\/www.reparationdelectromenager.com\/en\/service-antonio-montreal\/","title":{"rendered":"Service Antonio Montr\u00e9al"},"content":{"rendered":"\t\t<div data-elementor-type=\"wp-page\" data-elementor-id=\"1421\" class=\"elementor elementor-1421 elementor-845\" data-elementor-post-type=\"page\">\n\t\t\t\t<div class=\"elementor-element elementor-element-6afeeda e-con-full e-flex e-con e-parent\" data-id=\"6afeeda\" data-element_type=\"container\" data-e-type=\"container\" data-settings=\"{&quot;background_background&quot;:&quot;classic&quot;,&quot;background_motion_fx_motion_fx_scrolling&quot;:&quot;yes&quot;,&quot;background_motion_fx_translateY_effect&quot;:&quot;yes&quot;,&quot;background_motion_fx_translateY_speed&quot;:{&quot;unit&quot;:&quot;px&quot;,&quot;size&quot;:6,&quot;sizes&quot;:[]},&quot;background_motion_fx_range&quot;:&quot;viewport&quot;,&quot;background_motion_fx_translateY_affectedRange&quot;:{&quot;unit&quot;:&quot;%&quot;,&quot;size&quot;:&quot;&quot;,&quot;sizes&quot;:{&quot;start&quot;:0,&quot;end&quot;:100}},&quot;background_motion_fx_devices&quot;:[&quot;desktop&quot;,&quot;tablet&quot;,&quot;mobile&quot;]}\">\n\t\t<div class=\"elementor-element elementor-element-1095054 e-con-full e-flex e-con e-child\" data-id=\"1095054\" data-element_type=\"container\" data-e-type=\"container\">\n\t\t\t\t<div class=\"elementor-element elementor-element-221b7ab elementor-widget elementor-widget-heading\" data-id=\"221b7ab\" data-element_type=\"widget\" data-e-type=\"widget\" data-widget_type=\"heading.default\">\n\t\t\t\t<div class=\"elementor-widget-container\">\n\t\t\t\t\t<h2 class=\"elementor-heading-title elementor-size-default\">Service Antonio \u00c9lectrom\u00e9nagers<br>\nTo get an appointment or any other questions<\/h2>\t\t\t\t<\/div>\n\t\t\t\t<\/div>\n\t\t\t\t<\/div>\n\t\t<div class=\"elementor-element elementor-element-d89183d e-con-full e-flex e-con e-child\" data-id=\"d89183d\" data-element_type=\"container\" data-e-type=\"container\">\n\t\t\t\t<div class=\"elementor-element elementor-element-3db63b8 elementor-widget elementor-widget-image\" data-id=\"3db63b8\" data-element_type=\"widget\" data-e-type=\"widget\" data-widget_type=\"image.default\">\n\t\t\t\t<div class=\"elementor-widget-container\">\n\t\t\t\t\t\t\t\t\t\t\t\t\t\t\t<img fetchpriority=\"high\" decoding=\"async\" width=\"593\" height=\"772\" src=\"https:\/\/www.reparationdelectromenager.com\/wp-content\/uploads\/2024\/01\/page-1_img01.png\" class=\"attachment-large size-large wp-image-1335\" alt=\"\" srcset=\"https:\/\/www.reparationdelectromenager.com\/wp-content\/uploads\/2024\/01\/page-1_img01.png 593w, https:\/\/www.reparationdelectromenager.com\/wp-content\/uploads\/2024\/01\/page-1_img01-230x300.png 230w\" sizes=\"(max-width: 593px) 100vw, 593px\" \/>\t\t\t\t\t\t\t\t\t\t\t\t\t\t\t<\/div>\n\t\t\t\t<\/div>\n\t\t\t\t<\/div>\n\t\t\t\t<\/div>\n\t\t<div class=\"elementor-element elementor-element-a17efc2 e-flex e-con-boxed e-con e-parent\" data-id=\"a17efc2\" data-element_type=\"container\" data-e-type=\"container\">\n\t\t\t\t\t<div class=\"e-con-inner\">\n\t\t\t\t<div class=\"elementor-element elementor-element-c04d3be elementor-button-align-start elementor-widget elementor-widget-form\" data-id=\"c04d3be\" data-element_type=\"widget\" data-e-type=\"widget\" data-settings=\"{&quot;step_next_label&quot;:&quot;Suivant&quot;,&quot;step_previous_label&quot;:&quot;Pr\\u00e9c\\u00e9dent&quot;,&quot;button_width&quot;:&quot;100&quot;,&quot;step_type&quot;:&quot;number_text&quot;,&quot;step_icon_shape&quot;:&quot;circle&quot;}\" data-widget_type=\"form.default\">\n\t\t\t\t<div class=\"elementor-widget-container\">\n\t\t\t\t\t\t\t<form class=\"elementor-form\" method=\"post\" name=\"Nouveau formulaire\" aria-label=\"Nouveau formulaire\">\n\t\t\t<input type=\"hidden\" name=\"post_id\" value=\"1421\"\/>\n\t\t\t<input type=\"hidden\" name=\"form_id\" value=\"c04d3be\"\/>\n\t\t\t<input type=\"hidden\" name=\"referer_title\" value=\"Service Antonio \u00c9lectrom\u00e9nagers\" \/>\n\n\t\t\t\n\t\t\t<div class=\"elementor-form-fields-wrapper elementor-labels-\">\n\t\t\t\t\t\t\t\t<div class=\"elementor-field-type-select elementor-field-group elementor-column elementor-field-group-sujet elementor-col-50 elementor-field-required\">\n\t\t\t\t\t\t\t\t\t\t\t\t<label for=\"form-field-sujet\" class=\"elementor-field-label elementor-screen-only\">\n\t\t\t\t\t\t\t\tSujet\t\t\t\t\t\t\t<\/label>\n\t\t\t\t\t\t\t\t<div class=\"elementor-field elementor-select-wrapper remove-before \">\n\t\t\t<div class=\"select-caret-down-wrapper\">\n\t\t\t\t<svg aria-hidden=\"true\" class=\"e-font-icon-svg e-eicon-caret-down\" viewBox=\"0 0 571.4 571.4\" xmlns=\"http:\/\/www.w3.org\/2000\/svg\"><path d=\"M571 393Q571 407 561 418L311 668Q300 679 286 679T261 668L11 418Q0 407 0 393T11 368 36 357H536Q550 357 561 368T571 393Z\"><\/path><\/svg>\t\t\t<\/div>\n\t\t\t<select name=\"form_fields[sujet]\" id=\"form-field-sujet\" class=\"elementor-field-textual elementor-size-lg\" required=\"required\">\n\t\t\t\t\t\t\t\t\t<option value=\"Appointment\">Appointment<\/option>\n\t\t\t\t\t\t\t\t\t<option value=\"Other question\">Other question<\/option>\n\t\t\t\t\t\t\t<\/select>\n\t\t<\/div>\n\t\t\t\t\t\t<\/div>\n\t\t\t\t\t\t\t\t<div class=\"elementor-field-type-text elementor-field-group elementor-column elementor-field-group-field_4285ab8 elementor-col-50 elementor-field-required\">\n\t\t\t\t\t\t\t\t\t\t\t\t<label for=\"form-field-field_4285ab8\" class=\"elementor-field-label elementor-screen-only\">\n\t\t\t\t\t\t\t\tFull name\t\t\t\t\t\t\t<\/label>\n\t\t\t\t\t\t\t\t\t\t\t\t\t\t<input size=\"1\" type=\"text\" name=\"form_fields[field_4285ab8]\" id=\"form-field-field_4285ab8\" class=\"elementor-field elementor-size-lg  elementor-field-textual\" placeholder=\"*Full name\" required=\"required\">\n\t\t\t\t\t\t\t\t\t\t\t<\/div>\n\t\t\t\t\t\t\t\t<div class=\"elementor-field-type-tel elementor-field-group elementor-column elementor-field-group-field_4bee6b3 elementor-col-50 elementor-field-required\">\n\t\t\t\t\t\t\t\t\t\t\t\t<label for=\"form-field-field_4bee6b3\" class=\"elementor-field-label elementor-screen-only\">\n\t\t\t\t\t\t\t\tPhone\t\t\t\t\t\t\t<\/label>\n\t\t\t\t\t\t\t\t<input size=\"1\" type=\"tel\" name=\"form_fields[field_4bee6b3]\" id=\"form-field-field_4bee6b3\" class=\"elementor-field elementor-size-lg  elementor-field-textual\" placeholder=\"*Phone\" required=\"required\" pattern=\"[0-9()#&amp;+*-=.]+\" title=\"Only numbers and phone characters (#, -, *, etc) are accepted.\">\n\n\t\t\t\t\t\t<\/div>\n\t\t\t\t\t\t\t\t<div class=\"elementor-field-type-email elementor-field-group elementor-column elementor-field-group-field_be1514f elementor-col-50 elementor-field-required\">\n\t\t\t\t\t\t\t\t\t\t\t\t<label for=\"form-field-field_be1514f\" class=\"elementor-field-label elementor-screen-only\">\n\t\t\t\t\t\t\t\tEmail\t\t\t\t\t\t\t<\/label>\n\t\t\t\t\t\t\t\t\t\t\t\t\t\t<input size=\"1\" type=\"email\" name=\"form_fields[field_be1514f]\" id=\"form-field-field_be1514f\" class=\"elementor-field elementor-size-lg  elementor-field-textual\" placeholder=\"*Email\" required=\"required\">\n\t\t\t\t\t\t\t\t\t\t\t<\/div>\n\t\t\t\t\t\t\t\t<div class=\"elementor-field-type-text elementor-field-group elementor-column elementor-field-group-field_502c492 elementor-col-50 elementor-field-required\">\n\t\t\t\t\t\t\t\t\t\t\t\t<label for=\"form-field-field_502c492\" class=\"elementor-field-label elementor-screen-only\">\n\t\t\t\t\t\t\t\tCity\t\t\t\t\t\t\t<\/label>\n\t\t\t\t\t\t\t\t\t\t\t\t\t\t<input size=\"1\" type=\"text\" name=\"form_fields[field_502c492]\" id=\"form-field-field_502c492\" class=\"elementor-field elementor-size-lg  elementor-field-textual\" placeholder=\"*City\" required=\"required\">\n\t\t\t\t\t\t\t\t\t\t\t<\/div>\n\t\t\t\t\t\t\t\t<div class=\"elementor-field-type-text elementor-field-group elementor-column elementor-field-group-field_aef131a elementor-col-50 elementor-field-required\">\n\t\t\t\t\t\t\t\t\t\t\t\t<label for=\"form-field-field_aef131a\" class=\"elementor-field-label elementor-screen-only\">\n\t\t\t\t\t\t\t\tZip Code\t\t\t\t\t\t\t<\/label>\n\t\t\t\t\t\t\t\t\t\t\t\t\t\t<input size=\"1\" type=\"text\" name=\"form_fields[field_aef131a]\" id=\"form-field-field_aef131a\" class=\"elementor-field elementor-size-lg  elementor-field-textual\" placeholder=\"*Zip Code\" required=\"required\">\n\t\t\t\t\t\t\t\t\t\t\t<\/div>\n\t\t\t\t\t\t\t\t<div class=\"elementor-field-type-textarea elementor-field-group elementor-column elementor-field-group-field_5b3b0fd elementor-col-100 elementor-field-required\">\n\t\t\t\t\t\t\t\t\t\t\t\t<label for=\"form-field-field_5b3b0fd\" class=\"elementor-field-label elementor-screen-only\">\n\t\t\t\t\t\t\t\tMessage\t\t\t\t\t\t\t<\/label>\n\t\t\t\t\t\t<textarea class=\"elementor-field-textual elementor-field  elementor-size-lg\" name=\"form_fields[field_5b3b0fd]\" id=\"form-field-field_5b3b0fd\" rows=\"4\" placeholder=\"*Message\" required=\"required\"><\/textarea>\t\t\t\t<\/div>\n\t\t\t\t\t\t\t\t<div class=\"elementor-field-type-recaptcha_v3 elementor-field-group elementor-column elementor-field-group-field_6dcb209 elementor-col-100 recaptcha_v3-bottomright\">\n\t\t\t\t\t<div class=\"elementor-field\" id=\"form-field-field_6dcb209\"><div class=\"elementor-g-recaptcha\" data-sitekey=\"6LdtySYqAAAAAPEfWgHUuU0NIVUrbQfhfzFaSXfZ\" data-type=\"v3\" data-action=\"Form\" data-badge=\"bottomright\" data-size=\"invisible\"><\/div><\/div>\t\t\t\t<\/div>\n\t\t\t\t\t\t\t\t<div class=\"elementor-field-group elementor-column elementor-field-type-submit elementor-col-100 e-form__buttons\">\n\t\t\t\t\t<button class=\"elementor-button elementor-size-sm\" type=\"submit\">\n\t\t\t\t\t\t<span class=\"elementor-button-content-wrapper\">\n\t\t\t\t\t\t\t\t\t\t\t\t\t\t\t\t\t\t\t\t\t\t<span class=\"elementor-button-text\">Send<\/span>\n\t\t\t\t\t\t\t\t\t\t\t\t\t<\/span>\n\t\t\t\t\t<\/button>\n\t\t\t\t<\/div>\n\t\t\t<\/div>\n\t\t<\/form>\n\t\t\t\t\t\t<\/div>\n\t\t\t\t<\/div>\n\t\t\t\t\t<\/div>\n\t\t\t\t<\/div>\n\t\t<div class=\"elementor-element elementor-element-4544854 e-flex e-con-boxed e-con e-parent\" data-id=\"4544854\" data-element_type=\"container\" data-e-type=\"container\" data-settings=\"{&quot;background_background&quot;:&quot;classic&quot;,&quot;background_motion_fx_motion_fx_scrolling&quot;:&quot;yes&quot;,&quot;background_motion_fx_translateY_effect&quot;:&quot;yes&quot;,&quot;background_motion_fx_translateY_speed&quot;:{&quot;unit&quot;:&quot;px&quot;,&quot;size&quot;:5,&quot;sizes&quot;:[]},&quot;background_motion_fx_translateY_affectedRange&quot;:{&quot;unit&quot;:&quot;%&quot;,&quot;size&quot;:&quot;&quot;,&quot;sizes&quot;:{&quot;start&quot;:0,&quot;end&quot;:100}},&quot;background_motion_fx_devices&quot;:[&quot;desktop&quot;,&quot;tablet&quot;,&quot;mobile&quot;]}\">\n\t\t\t\t\t<div class=\"e-con-inner\">\n\t\t\t\t<div class=\"elementor-element elementor-element-06013a6 elementor-widget elementor-widget-heading\" data-id=\"06013a6\" data-element_type=\"widget\" data-e-type=\"widget\" data-widget_type=\"heading.default\">\n\t\t\t\t<div class=\"elementor-widget-container\">\n\t\t\t\t\t<h2 class=\"elementor-heading-title elementor-size-default\"><a href=\"tel:514-923-3765\">Make an appointment with one of our certified experts at <strong>514.923.3765<\/strong><\/a><\/h2>\t\t\t\t<\/div>\n\t\t\t\t<\/div>\n\t\t\t\t<div class=\"elementor-element elementor-element-b7587de elementor-widget elementor-widget-heading\" data-id=\"b7587de\" data-element_type=\"widget\" data-e-type=\"widget\" data-widget_type=\"heading.default\">\n\t\t\t\t<div class=\"elementor-widget-container\">\n\t\t\t\t\t<h2 class=\"elementor-heading-title elementor-size-default\">AVAILABLE UNTIL 9H00 PM<\/h2>\t\t\t\t<\/div>\n\t\t\t\t<\/div>\n\t\t\t\t\t<\/div>\n\t\t\t\t<\/div>\n\t\t<div class=\"elementor-element elementor-element-c8b852d e-flex e-con-boxed e-con e-parent\" data-id=\"c8b852d\" data-element_type=\"container\" data-e-type=\"container\">\n\t\t\t\t\t<div class=\"e-con-inner\">\n\t\t\t\t<div class=\"elementor-element elementor-element-42ac73c elementor-widget elementor-widget-text-editor\" data-id=\"42ac73c\" data-element_type=\"widget\" data-e-type=\"widget\" data-widget_type=\"text-editor.default\">\n\t\t\t\t<div class=\"elementor-widget-container\">\n\t\t\t\t\t\t\t\t\t<p><strong>Service Antonio \u00c9lectrom\u00e9nagers<\/strong><\/p><h4><span style=\"color: #175c9b;\">PHONE:<\/span> <span style=\"color: #cf1736;\"><a style=\"color: #cf1736;\" href=\"tel:+15149233765\">514.923.3765<\/a><\/span><\/h4><p><strong>Laval Office<\/strong><br \/>3030 boulevard Cur\u00e9-Labelle Suite 300<br \/>Laval, Quebec<br \/>H7P 0H9<\/p><p><strong>Terrebonne Office<\/strong><br \/>11-1520 Rue Grande Allee,<br \/>Terrebonne, Quebec<br \/>J6W 6A8<\/p><p><strong>South Shore Office<br \/><\/strong>6300 Avenue Auteuil, Suite 505<br \/>Brossard, Quebec<br \/>J4Z 3P2<\/p><p><strong>Business hours<\/strong><\/p><p>Monday to saturday : 7h00 AM &#8211; 9h00 PM<\/p>\t\t\t\t\t\t\t\t<\/div>\n\t\t\t\t<\/div>\n\t\t\t\t<div class=\"elementor-element elementor-element-d16f826 elementor-widget elementor-widget-heading\" data-id=\"d16f826\" data-element_type=\"widget\" data-e-type=\"widget\" data-widget_type=\"heading.default\">\n\t\t\t\t<div class=\"elementor-widget-container\">\n\t\t\t\t\t<h2 class=\"elementor-heading-title elementor-size-default\">Sectors<\/h2>\t\t\t\t<\/div>\n\t\t\t\t<\/div>\n\t\t\t\t<div class=\"elementor-element elementor-element-4e64940 elementor-widget elementor-widget-text-editor\" data-id=\"4e64940\" data-element_type=\"widget\" data-e-type=\"widget\" data-widget_type=\"text-editor.default\">\n\t\t\t\t<div class=\"elementor-widget-container\">\n\t\t\t\t\t\t\t\t\t<p><iframe style=\"width: 100%; height: 450px;\" src=\"https:\/\/www.google.com\/maps\/d\/embed?mid=1gnt63vEGlSBckfreyLdPDLEoImsIblHa\"><\/iframe><\/p>\t\t\t\t\t\t\t\t<\/div>\n\t\t\t\t<\/div>\n\t\t\t\t<div class=\"elementor-element elementor-element-9f47f9d elementor-widget elementor-widget-heading\" data-id=\"9f47f9d\" data-element_type=\"widget\" data-e-type=\"widget\" data-widget_type=\"heading.default\">\n\t\t\t\t<div class=\"elementor-widget-container\">\n\t\t\t\t\t<h5 class=\"elementor-heading-title elementor-size-default\">Cities<\/h5>\t\t\t\t<\/div>\n\t\t\t\t<\/div>\n\t\t\t\t<div class=\"elementor-element elementor-element-f0c158c elementor-widget elementor-widget-text-editor\" data-id=\"f0c158c\" data-element_type=\"widget\" data-e-type=\"widget\" data-widget_type=\"text-editor.default\">\n\t\t\t\t<div class=\"elementor-widget-container\">\n\t\t\t\t\t\t\t\t\t<ul><li>Ahuntsic<\/li><li>Anjou<\/li><li>Blainville<\/li><li>Boisbriand<\/li><li>Bois-des-Filion<\/li><li>Boucherville<\/li><li>Brossard<\/li><li>Cartierville<\/li><li>Charlemagne<\/li><li>Deux-Montagnes<\/li><li>Duvernay<\/li><li>Fontainebleau<\/li><li>\u00cele Bizard<\/li><li>Kirkland<\/li><li>Lachenaie<\/li><li>L&#8217;Assomption<\/li><li>Laval<\/li><li>Laval-des-Rapides<\/li><li>Laval-Ouest<\/li><li>Le Gardeur<\/li><li>Longueuil<\/li><li>Lorraine<\/li><li>Mascouche<\/li><li>Montr\u00e9al<\/li><li>Montr\u00e9al-Nord<\/li><li>Pointe-aux-Trembles<\/li><li>Pont-Viau<\/li><li>Repentigny<\/li><li>Rivi\u00e8res-des-Prairies<\/li><li>Rosem\u00e8re<\/li><li>Rosemont<\/li><li>Sainte-Anne-des-Plaines<\/li><li>Sainte-Doroth\u00e9e<\/li><li>Sainte-Julienne<\/li><li>Sainte-Rose<\/li><li>Sainte-Th\u00e9r\u00e8se<\/li><li>Saint-Eustache<\/li><li>Saint-Fran\u00e7ois<\/li><li>Saint-Janvier<\/li><li>Saint-Laurent<\/li><li>Saint-L\u00e9onard<\/li><li>Terrebonne<\/li><li>Villeray-Saint-Michel<\/li><li>Grand Montr\u00e9al<\/li><li>Rive-Nord<\/li><li>Rive-Sud<\/li><li>Et plusieurs autres villes<\/li><\/ul>\t\t\t\t\t\t\t\t<\/div>\n\t\t\t\t<\/div>\n\t\t\t\t\t<\/div>\n\t\t\t\t<\/div>\n\t\t\t\t<\/div>\n\t\t","protected":false},"excerpt":{"rendered":"<p>Service Antonio \u00c9lectrom\u00e9nagers To get an appointment or any other questions Make an appointment with one of our certified experts at 514.923.3765 AVAILABLE UNTIL 9H00 PM Service Antonio \u00c9lectrom\u00e9nagers PHONE: 514.923.3765 Laval Office3030 boulevard Cur\u00e9-Labelle Suite 300Laval, QuebecH7P 0H9 Terrebonne Office11-1520 Rue Grande Allee,Terrebonne, QuebecJ6W 6A8 South Shore Office6300 Avenue Auteuil, Suite 505Brossard, QuebecJ4Z 3P2 [&hellip;]<\/p>\n","protected":false},"author":1,"featured_media":0,"parent":0,"menu_order":0,"comment_status":"closed","ping_status":"closed","template":"elementor_header_footer","meta":{"_acf_changed":false,"footnotes":""},"class_list":["post-1421","page","type-page","status-publish","hentry"],"acf":[],"yoast_head":"<!-- This site is optimized with the Yoast SEO plugin v27.3 - https:\/\/yoast.com\/product\/yoast-seo-wordpress\/ -->\n<title>Appliances Service Montreal, West Island, Laval - Contact us<\/title>\n<meta name=\"description\" content=\"Appliances Service Montreal, West Island, Laval - Contact us for a fast appointment or any question\" \/>\n<meta name=\"robots\" content=\"index, follow, max-snippet:-1, max-image-preview:large, max-video-preview:-1\" \/>\n<link rel=\"canonical\" href=\"https:\/\/www.reparationdelectromenager.com\/en\/service-antonio-montreal\/\" \/>\n<meta property=\"og:locale\" content=\"en_US\" \/>\n<meta property=\"og:type\" content=\"article\" \/>\n<meta property=\"og:title\" content=\"Appliances Service Montreal, West Island, Laval - Contact us\" \/>\n<meta property=\"og:description\" content=\"Appliances Service Montreal, West Island, Laval - Contact us for a fast appointment or any question\" \/>\n<meta property=\"og:url\" content=\"https:\/\/www.reparationdelectromenager.com\/en\/service-antonio-montreal\/\" \/>\n<meta property=\"og:site_name\" content=\"Service Antonio \u00c9lectrom\u00e9nagers\" \/>\n<meta property=\"article:modified_time\" content=\"2026-04-07T13:49:02+00:00\" \/>\n<meta property=\"og:image\" content=\"https:\/\/www.reparationdelectromenager.com\/wp-content\/uploads\/2024\/01\/page-1_img01.png\" \/>\n\t<meta property=\"og:image:width\" content=\"593\" \/>\n\t<meta property=\"og:image:height\" content=\"772\" \/>\n\t<meta property=\"og:image:type\" content=\"image\/png\" \/>\n<meta name=\"twitter:card\" content=\"summary_large_image\" \/>\n<meta name=\"twitter:label1\" content=\"Est. reading time\" \/>\n\t<meta name=\"twitter:data1\" content=\"1 minute\" \/>\n<script type=\"application\/ld+json\" class=\"yoast-schema-graph\">{\"@context\":\"https:\\\/\\\/schema.org\",\"@graph\":[{\"@type\":\"WebPage\",\"@id\":\"https:\\\/\\\/www.reparationdelectromenager.com\\\/en\\\/service-antonio-montreal\\\/\",\"url\":\"https:\\\/\\\/www.reparationdelectromenager.com\\\/en\\\/service-antonio-montreal\\\/\",\"name\":\"Appliances Service Montreal, West Island, Laval - Contact us\",\"isPartOf\":{\"@id\":\"https:\\\/\\\/www.reparationdelectromenager.com\\\/#website\"},\"primaryImageOfPage\":{\"@id\":\"https:\\\/\\\/www.reparationdelectromenager.com\\\/en\\\/service-antonio-montreal\\\/#primaryimage\"},\"image\":{\"@id\":\"https:\\\/\\\/www.reparationdelectromenager.com\\\/en\\\/service-antonio-montreal\\\/#primaryimage\"},\"thumbnailUrl\":\"https:\\\/\\\/www.reparationdelectromenager.com\\\/wp-content\\\/uploads\\\/2024\\\/01\\\/page-1_img01.png\",\"datePublished\":\"2024-01-19T15:19:51+00:00\",\"dateModified\":\"2026-04-07T13:49:02+00:00\",\"description\":\"Appliances Service Montreal, West Island, Laval - Contact us for a fast appointment or any question\",\"inLanguage\":\"en-US\",\"potentialAction\":[{\"@type\":\"ReadAction\",\"target\":[\"https:\\\/\\\/www.reparationdelectromenager.com\\\/en\\\/service-antonio-montreal\\\/\"]}]},{\"@type\":\"ImageObject\",\"inLanguage\":\"en-US\",\"@id\":\"https:\\\/\\\/www.reparationdelectromenager.com\\\/en\\\/service-antonio-montreal\\\/#primaryimage\",\"url\":\"https:\\\/\\\/www.reparationdelectromenager.com\\\/wp-content\\\/uploads\\\/2024\\\/01\\\/page-1_img01.png\",\"contentUrl\":\"https:\\\/\\\/www.reparationdelectromenager.com\\\/wp-content\\\/uploads\\\/2024\\\/01\\\/page-1_img01.png\"},{\"@type\":\"WebSite\",\"@id\":\"https:\\\/\\\/www.reparationdelectromenager.com\\\/#website\",\"url\":\"https:\\\/\\\/www.reparationdelectromenager.com\\\/\",\"name\":\"Service Antonio \u00c9lectrom\u00e9nagers\",\"description\":\"\",\"publisher\":{\"@id\":\"https:\\\/\\\/www.reparationdelectromenager.com\\\/#organization\"},\"potentialAction\":[{\"@type\":\"SearchAction\",\"target\":{\"@type\":\"EntryPoint\",\"urlTemplate\":\"https:\\\/\\\/www.reparationdelectromenager.com\\\/?s={search_term_string}\"},\"query-input\":{\"@type\":\"PropertyValueSpecification\",\"valueRequired\":true,\"valueName\":\"search_term_string\"}}],\"inLanguage\":\"en-US\"},{\"@type\":\"Organization\",\"@id\":\"https:\\\/\\\/www.reparationdelectromenager.com\\\/#organization\",\"name\":\"Service Antonio \u00c9lectrom\u00e9nagers\",\"url\":\"https:\\\/\\\/www.reparationdelectromenager.com\\\/\",\"logo\":{\"@type\":\"ImageObject\",\"inLanguage\":\"en-US\",\"@id\":\"https:\\\/\\\/www.reparationdelectromenager.com\\\/#\\\/schema\\\/logo\\\/image\\\/\",\"url\":\"https:\\\/\\\/www.reparationdelectromenager.com\\\/wp-content\\\/uploads\\\/2023\\\/12\\\/logo-services-antonio.png\",\"contentUrl\":\"https:\\\/\\\/www.reparationdelectromenager.com\\\/wp-content\\\/uploads\\\/2023\\\/12\\\/logo-services-antonio.png\",\"width\":291,\"height\":102,\"caption\":\"Service Antonio \u00c9lectrom\u00e9nagers\"},\"image\":{\"@id\":\"https:\\\/\\\/www.reparationdelectromenager.com\\\/#\\\/schema\\\/logo\\\/image\\\/\"}}]}<\/script>\n<!-- \/ Yoast SEO plugin. -->","yoast_head_json":{"title":"Appliances Service Montreal, West Island, Laval - Contact us","description":"Appliances Service Montreal, West Island, Laval - Contact us for a fast appointment or any question","robots":{"index":"index","follow":"follow","max-snippet":"max-snippet:-1","max-image-preview":"max-image-preview:large","max-video-preview":"max-video-preview:-1"},"canonical":"https:\/\/www.reparationdelectromenager.com\/en\/service-antonio-montreal\/","og_locale":"en_US","og_type":"article","og_title":"Appliances Service Montreal, West Island, Laval - Contact us","og_description":"Appliances Service Montreal, West Island, Laval - Contact us for a fast appointment or any question","og_url":"https:\/\/www.reparationdelectromenager.com\/en\/service-antonio-montreal\/","og_site_name":"Service Antonio \u00c9lectrom\u00e9nagers","article_modified_time":"2026-04-07T13:49:02+00:00","og_image":[{"width":593,"height":772,"url":"https:\/\/www.reparationdelectromenager.com\/wp-content\/uploads\/2024\/01\/page-1_img01.png","type":"image\/png"}],"twitter_card":"summary_large_image","twitter_misc":{"Est. reading time":"1 minute"},"schema":{"@context":"https:\/\/schema.org","@graph":[{"@type":"WebPage","@id":"https:\/\/www.reparationdelectromenager.com\/en\/service-antonio-montreal\/","url":"https:\/\/www.reparationdelectromenager.com\/en\/service-antonio-montreal\/","name":"Appliances Service Montreal, West Island, Laval - Contact us","isPartOf":{"@id":"https:\/\/www.reparationdelectromenager.com\/#website"},"primaryImageOfPage":{"@id":"https:\/\/www.reparationdelectromenager.com\/en\/service-antonio-montreal\/#primaryimage"},"image":{"@id":"https:\/\/www.reparationdelectromenager.com\/en\/service-antonio-montreal\/#primaryimage"},"thumbnailUrl":"https:\/\/www.reparationdelectromenager.com\/wp-content\/uploads\/2024\/01\/page-1_img01.png","datePublished":"2024-01-19T15:19:51+00:00","dateModified":"2026-04-07T13:49:02+00:00","description":"Appliances Service Montreal, West Island, Laval - Contact us for a fast appointment or any question","inLanguage":"en-US","potentialAction":[{"@type":"ReadAction","target":["https:\/\/www.reparationdelectromenager.com\/en\/service-antonio-montreal\/"]}]},{"@type":"ImageObject","inLanguage":"en-US","@id":"https:\/\/www.reparationdelectromenager.com\/en\/service-antonio-montreal\/#primaryimage","url":"https:\/\/www.reparationdelectromenager.com\/wp-content\/uploads\/2024\/01\/page-1_img01.png","contentUrl":"https:\/\/www.reparationdelectromenager.com\/wp-content\/uploads\/2024\/01\/page-1_img01.png"},{"@type":"WebSite","@id":"https:\/\/www.reparationdelectromenager.com\/#website","url":"https:\/\/www.reparationdelectromenager.com\/","name":"Service Antonio \u00c9lectrom\u00e9nagers","description":"","publisher":{"@id":"https:\/\/www.reparationdelectromenager.com\/#organization"},"potentialAction":[{"@type":"SearchAction","target":{"@type":"EntryPoint","urlTemplate":"https:\/\/www.reparationdelectromenager.com\/?s={search_term_string}"},"query-input":{"@type":"PropertyValueSpecification","valueRequired":true,"valueName":"search_term_string"}}],"inLanguage":"en-US"},{"@type":"Organization","@id":"https:\/\/www.reparationdelectromenager.com\/#organization","name":"Service Antonio \u00c9lectrom\u00e9nagers","url":"https:\/\/www.reparationdelectromenager.com\/","logo":{"@type":"ImageObject","inLanguage":"en-US","@id":"https:\/\/www.reparationdelectromenager.com\/#\/schema\/logo\/image\/","url":"https:\/\/www.reparationdelectromenager.com\/wp-content\/uploads\/2023\/12\/logo-services-antonio.png","contentUrl":"https:\/\/www.reparationdelectromenager.com\/wp-content\/uploads\/2023\/12\/logo-services-antonio.png","width":291,"height":102,"caption":"Service Antonio \u00c9lectrom\u00e9nagers"},"image":{"@id":"https:\/\/www.reparationdelectromenager.com\/#\/schema\/logo\/image\/"}}]}},"_links":{"self":[{"href":"https:\/\/www.reparationdelectromenager.com\/en\/wp-json\/wp\/v2\/pages\/1421","targetHints":{"allow":["GET"]}}],"collection":[{"href":"https:\/\/www.reparationdelectromenager.com\/en\/wp-json\/wp\/v2\/pages"}],"about":[{"href":"https:\/\/www.reparationdelectromenager.com\/en\/wp-json\/wp\/v2\/types\/page"}],"author":[{"embeddable":true,"href":"https:\/\/www.reparationdelectromenager.com\/en\/wp-json\/wp\/v2\/users\/1"}],"replies":[{"embeddable":true,"href":"https:\/\/www.reparationdelectromenager.com\/en\/wp-json\/wp\/v2\/comments?post=1421"}],"version-history":[{"count":31,"href":"https:\/\/www.reparationdelectromenager.com\/en\/wp-json\/wp\/v2\/pages\/1421\/revisions"}],"predecessor-version":[{"id":3084,"href":"https:\/\/www.reparationdelectromenager.com\/en\/wp-json\/wp\/v2\/pages\/1421\/revisions\/3084"}],"wp:attachment":[{"href":"https:\/\/www.reparationdelectromenager.com\/en\/wp-json\/wp\/v2\/media?parent=1421"}],"curies":[{"name":"wp","href":"https:\/\/api.w.org\/{rel}","templated":true}]}}